{"id":146,"date":"2020-01-24T22:12:12","date_gmt":"2020-01-24T20:12:12","guid":{"rendered":"https:\/\/www.kalapuric.at\/?page_id=146"},"modified":"2025-08-31T15:34:01","modified_gmt":"2025-08-31T13:34:01","slug":"impressum","status":"publish","type":"page","link":"https:\/\/www.kalapuric.at\/?page_id=146","title":{"rendered":"Impressum"},"content":{"rendered":"\t\t<div data-elementor-type=\"wp-page\" data-elementor-id=\"146\" class=\"elementor elementor-146\">\n\t\t\t\t\t\t<section class=\"elementor-section elementor-top-section elementor-element elementor-element-6afc639 elementor-section-full_width elementor-section-height-default elementor-section-height-default\" data-id=\"6afc639\" data-element_type=\"section\">\n\t\t\t\t\t\t<div class=\"elementor-container elementor-column-gap-default\">\n\t\t\t\t\t<div class=\"elementor-column elementor-col-100 elementor-top-column elementor-element elementor-element-db52d7d\" data-id=\"db52d7d\" data-element_type=\"column\">\n\t\t\t<div class=\"elementor-widget-wrap elementor-element-populated\">\n\t\t\t\t\t\t<div class=\"elementor-element elementor-element-ecaf291 elementor-widget__width-initial elementor-widget elementor-widget-text-editor\" data-id=\"ecaf291\" data-element_type=\"widget\" data-widget_type=\"text-editor.default\">\n\t\t\t\t<div class=\"elementor-widget-container\">\n\t\t\t\t\t\t\t\t\t<p>Diese Webseite geh\u00f6rt zur Marijan Kalapuric, MBA &#8211; Unternehmensberatung.<\/p>\n<p>Auf dieser Seite kann keine verbindliche Beratung angeboten werden, alle Informationen wurden nach bestem Wissen zusammengetragen, Fehler sind jedoch nicht auszuschlie\u00dfen. Verbindliche Ausk\u00fcnfte werden nicht \u00fcber die Webseite erteilt, bitte machen Sie sich Informationen von dieser Seite nicht zur Grundlage Ihrer Entscheidungen.<br>Sofern sich auf dieser Seite Links zu Dritten befinden, \u00fcbernehmen wir keinerlei Gew\u00e4hr oder Verantwortung f\u00fcr die Inhalte solcher Seiten.<\/p>\n<p>Bitte beachten Sie folgende rechtliche Hinweise zu dieser Homepage: \u201eDiese Website kann Hinweise auf andere Eigentumsrechte und Informationen zu Urheberrechten enthalten, die beachtet und befolgt werden m\u00fcssen. Dies gilt insbesondere f\u00fcr Logos und Bilder. Das Herunterladen, Drucken und Speichern von Dateien dieser Website f\u00fcr den ausschlie\u00dflich privaten Gebrauch ist gestattet, dar\u00fcber hinausgehende Nutzung bedarf der ausdr\u00fccklichen Zustimmung der Firma Kalapuric.<\/p>\n<p>Die Firma Kalapuric \u00fcbernimmt keine Haftung f\u00fcr Datenverlust oder andere technische Beeintr\u00e4chtigungen, die beim Betrachten oder Herunterladen von Daten dieser Website entstehen k\u00f6nnen. Bei Links zu anderen Websites \u00fcbernimmt die Fa. Kalapuric keine Haftung f\u00fcr deren Inhalt.\u201c Es besteht kein Anspruch auf Vollst\u00e4ndigkeit!&nbsp;\u00c4nderungen, Irrt\u00fcmer, Satz- und Druckfehler vorbehalten!<\/p>\n<p><strong>Firma<\/strong><br>Marijan Kalapuric, MBA&nbsp;<br>Unternehmensberater<\/p>\n<h6><span style=\"text-align: inherit; text-transform: initial;\"><strong>Adresse:<\/strong> <br><span style=\"font-weight: normal;\">Stromstrasse 36-38\/27\/R02&nbsp;<br><\/span><\/span><span style=\"text-align: inherit; text-transform: initial;\"><span style=\"font-weight: normal;\">AT-1200 Wien<\/span><\/span><\/h6>\n<h6><span style=\"font-weight: normal;\">Telefon: <a href=\"te:004313335965\">+43 1 3335965<\/a> und <a href=\"tel:00436607640664\">+43 660 7640664<\/a><\/span><\/h6>\n<h6><span style=\"font-weight: normal;\">Fax: 00 43 1 3335965 12<\/span><\/h6>\n<h6><span style=\"font-weight: normal;\">Homepage:<\/span><\/h6>\n<h6><span style=\"font-weight: normal;\">www.kalapuric,at<\/span><\/h6>\n<h6><span style=\"font-weight: normal;\">E-Mail:<\/span><\/h6>\n<h6><span style=\"font-weight: normal;\">office@kalapuric.at<\/span><\/h6>\n<div>\n<p>UID-Nummer:&nbsp; ATU46188502<\/p>\n<\/div>\n<h6><strong>Aufsichtsbeh\u00f6rde:<\/strong><\/h6>\n<h6><span style=\"font-weight: normal;\">MBA f\u00fcr 2\/20 Bezirk in Wien<\/span><\/h6>\n<div><strong><span style=\"text-align: inherit; text-transform: initial;\">Kammer\/Berufsverband-Zugeh\u00f6rigkeit:<\/span><\/strong><\/div>\n<h6><a style=\"text-align: inherit; text-transform: initial; font-weight: normal;\" href=\"https:\/\/firmen.wko.at\/marijan-kalapuric-mba-unternehmensberater\/wien\/?firmaid=f80b1257-a8a5-4f8a-96fb-729ccccccefc&amp;suchbegriff=kalapuric\" target=\"_blank\" rel=\"noopener\"><span style=\"font-weight: normal;\">WKO<\/span><\/a><span style=\"font-weight: normal;\"><a href=\"https:\/\/firmen.wko.at\/marijan-kalapuric-mba-unternehmensberater\/wien\/?firmaid=f80b1257-a8a5-4f8a-96fb-729ccccccefc&amp;suchbegriff=kalapuric\"> Wien<\/a><br><span style=\"text-transform: initial;\">Fachgruppe Unternehmensberatung<\/span><\/span><\/h6>\n<div><b>Anwendbare Vorschriften<\/b><br>Anwendbare Rechtsvorschriften sind Bilanzbuchhaltergesetz (BiBuG) und die Gewerbeordnung gem. \u00a7 136 (GewO) ind der jeweils geltenden Fassung<br><b><br><\/b><\/div>\n<div><b>E-Mails:<\/b><br>Im Einklang mit dem E-Comerce Gesetz (ECG) machen wir darauf aufmerksam, dass an uns gesendete E-Mails nur zu \u00fcblichen Gesch\u00e4fts\u00f6ffnungszeiten abgerufen werden.<br><b><br><\/b><b>Information \u00fcber R\u00fccktrittsrecht:<\/b><br>Im Einklang mit dem E-Comerce-Gesetz (ECG) machen wir auf das gesetzliche R\u00fccktrittsrecht binnen sieben Werktage ab Zustandekommen des Vertrages aufmerksam<\/div>\n<p><br><\/p><p>Marijan Kalapuric, MBA<br>Unternehmensberater<\/p>\t\t\t\t\t\t\t\t<\/div>\n\t\t\t\t<\/div>\n\t\t\t\t\t<\/div>\n\t\t<\/div>\n\t\t\t\t\t<\/div>\n\t\t<\/section>\n\t\t\t\t<\/div>\n\t\t","protected":false},"excerpt":{"rendered":"<p>Diese Webseite geh\u00f6rt zur Marijan Kalapuric, MBA &#8211; Unternehmensberatung. Auf dieser Seite kann keine verbindliche Beratung angeboten werden, alle Informationen wurden nach bestem Wissen zusammengetragen, Fehler sind jedoch nicht auszuschlie\u00dfen. Verbindliche Ausk\u00fcnfte werden nicht \u00fcber die Webseite erteilt, bitte machen Sie sich Informationen von dieser Seite nicht zur Grundlage Ihrer Entscheidungen.Sofern sich auf dieser Seite [&hellip;]<\/p>\n","protected":false},"author":2,"featured_media":0,"parent":0,"menu_order":0,"comment_status":"closed","ping_status":"closed","template":"","meta":{"footnotes":""},"class_list":["post-146","page","type-page","status-publish","hentry"],"_links":{"self":[{"href":"https:\/\/www.kalapuric.at\/index.php?rest_route=\/wp\/v2\/pages\/146","targetHints":{"allow":["GET"]}}],"collection":[{"href":"https:\/\/www.kalapuric.at\/index.php?rest_route=\/wp\/v2\/pages"}],"about":[{"href":"https:\/\/www.kalapuric.at\/index.php?rest_route=\/wp\/v2\/types\/page"}],"author":[{"embeddable":true,"href":"https:\/\/www.kalapuric.at\/index.php?rest_route=\/wp\/v2\/users\/2"}],"replies":[{"embeddable":true,"href":"https:\/\/www.kalapuric.at\/index.php?rest_route=%2Fwp%2Fv2%2Fcomments&post=146"}],"version-history":[{"count":76,"href":"https:\/\/www.kalapuric.at\/index.php?rest_route=\/wp\/v2\/pages\/146\/revisions"}],"predecessor-version":[{"id":9869,"href":"https:\/\/www.kalapuric.at\/index.php?rest_route=\/wp\/v2\/pages\/146\/revisions\/9869"}],"wp:attachment":[{"href":"https:\/\/www.kalapuric.at\/index.php?rest_route=%2Fwp%2Fv2%2Fmedia&parent=146"}],"curies":[{"name":"wp","href":"https:\/\/api.w.org\/{rel}","templated":true}]}}